{"id":6075,"date":"2024-08-27T06:56:09","date_gmt":"2024-08-27T06:56:09","guid":{"rendered":"https:\/\/dalyastudios.com\/?page_id=6075"},"modified":"2025-12-12T08:47:42","modified_gmt":"2025-12-12T08:47:42","slug":"skirts","status":"publish","type":"page","link":"https:\/\/dalyastudios.com\/vi\/skirts\/","title":{"rendered":"Skirts"},"content":{"rendered":"<div data-elementor-type=\"wp-page\" data-elementor-id=\"6075\" class=\"elementor elementor-6075\" data-elementor-post-type=\"page\">\n\t\t\t\t<div class=\"elementor-element elementor-element-6d85449 e-con-full e-flex wpr-particle-no wpr-jarallax-no wpr-parallax-no wpr-sticky-section-no e-con e-parent\" data-id=\"6d85449\" data-element_type=\"container\">\n\t\t\t\t<div class=\"elementor-element elementor-element-1e78743 elementor-widget elementor-widget-shortcode\" data-id=\"1e78743\" data-element_type=\"widget\" data-widget_type=\"shortcode.default\">\n\t\t\t\t<div class=\"elementor-widget-container\">\n\t\t\t\t\t\t\t<div class=\"elementor-shortcode\"><div class=\"woocommerce columns-4\"><div class=\"woocommerce-notices-wrapper\"><\/div>    <div class=\"custom-toolbar-ui-v3\" style=\"display: flex; justify-content: space-between; align-items: center; margin-bottom: 10px;\">\n        <!-- SORT toggle -->\n        <div id=\"sort-toggle\" style=\"display: flex; align-items: center; cursor: pointer;\">\n            <span style=\"display: inline-flex; align-items: center; margin-right: 6px;\">\n                <svg width=\"18\" height=\"18\" viewbox=\"0 0 24 24\" fill=\"none\" stroke=\"black\" stroke-width=\"2\" stroke-linecap=\"round\" stroke-linejoin=\"round\">\n                    <line x1=\"3\" y1=\"6\" x2=\"21\" y2=\"6\" \/>\n                    <line x1=\"3\" y1=\"12\" x2=\"15\" y2=\"12\" \/>\n                    <line x1=\"3\" y1=\"18\" x2=\"9\" y2=\"18\" \/>\n                    <circle cx=\"21\" cy=\"6\" r=\"2\" \/>\n                    <circle cx=\"15\" cy=\"12\" r=\"2\" \/>\n                    <circle cx=\"9\" cy=\"18\" r=\"2\" \/>\n                <\/svg>\n            <\/span>\n            <span style=\"font-family: 'Archivo', sans-serif; font-weight: 400;\">SORT<\/span>\n        <\/div>\n\n        <!-- ITEMS -->\n        <div class=\"custom-items-count\" style=\"font-family: 'Archivo', sans-serif; font-weight: 400;\">\n            4 ITEMS\n        <\/div>\n    <\/div>\n\n    <!-- Sort Options -->\n    <div id=\"sort-options\" style=\"display: none; margin-bottom: 20px; font-family: 'Archivo', sans-serif; font-weight: 400;\">\n        <div style=\"margin: 4px 0;\"><a href=\"\/vi\/wp-json\/wp\/v2\/pages\/6075?orderby=menu_order\" style=\"text-decoration: none; color: #000;\" data-no-translation=\"\" data-trp-gettext=\"\">Th\u1ee9 t\u1ef1 m\u1eb7c \u0111\u1ecbnh<\/a><\/div><div style=\"margin: 4px 0;\"><a href=\"\/vi\/wp-json\/wp\/v2\/pages\/6075?orderby=popularity\" style=\"text-decoration: none; color: #000;\" data-no-translation=\"\" data-trp-gettext=\"\">Th\u1ee9 t\u1ef1 theo m\u1ee9c \u0111\u1ed9 ph\u1ed5 bi\u1ebfn<\/a><\/div><div style=\"margin: 4px 0;\"><a href=\"\/vi\/wp-json\/wp\/v2\/pages\/6075?orderby=rating\" style=\"text-decoration: none; color: #000;\" data-no-translation=\"\" data-trp-gettext=\"\">Th\u1ee9 t\u1ef1 theo \u0111i\u1ec3m \u0111\u00e1nh gi\u00e1<\/a><\/div><div style=\"margin: 4px 0;\"><a href=\"\/vi\/wp-json\/wp\/v2\/pages\/6075?orderby=date\" style=\"text-decoration: none; color: #000;\" data-no-translation=\"\" data-trp-gettext=\"\">M\u1edbi nh\u1ea5t<\/a><\/div><div style=\"margin: 4px 0;\"><a href=\"\/vi\/wp-json\/wp\/v2\/pages\/6075?orderby=price\" style=\"text-decoration: none; color: #000;\" data-no-translation=\"\" data-trp-gettext=\"\">Th\u1ee9 t\u1ef1 theo gi\u00e1: th\u1ea5p \u0111\u1ebfn cao<\/a><\/div><div style=\"margin: 4px 0;\"><a href=\"\/vi\/wp-json\/wp\/v2\/pages\/6075?orderby=price-desc\" style=\"text-decoration: none; color: #000;\" data-no-translation=\"\" data-trp-gettext=\"\">Th\u1ee9 t\u1ef1 theo gi\u00e1: cao xu\u1ed1ng th\u1ea5p<\/a><\/div>    <\/div>\n\n    <style>\n        .custom-toolbar-ui-v3 {\n            padding-left: 30px;\n            padding-right: 30px;\n        }\n        @media (max-width: 767px) {\n            .custom-toolbar-ui-v3 {\n                padding-left: 10px;\n                padding-right: 10px;\n            }\n        }\n        .custom-toolbar-ui-v3 span,\n        .custom-items-count,\n        #sort-options {\n            font-family: 'Archivo', sans-serif;\n            font-weight: 400;\n            font-size: 12px;\n        }\n        @media (max-width: 767px) {\n            .custom-toolbar-ui-v3 span,\n            .custom-items-count,\n            #sort-options {\n                font-size: 10px;\n            }\n        }\n        .woof_products_top_panel {\n            display: none !important;\n        }\n    <\/style>\n\n    <script>\n        document.addEventListener('DOMContentLoaded', function () {\n            const toggle = document.getElementById('sort-toggle');\n            const options = document.getElementById('sort-options');\n            toggle.addEventListener('click', function () {\n                options.style.display = options.style.display === 'none' ? 'block' : 'none';\n            });\n        });\n    <\/script>\n    <ul class=\"products columns-4\">\n<li class=\"product type-product post-17950 status-publish first instock product_cat-off-eden-mid-year-25 product_cat-skirts has-post-thumbnail taxable shipping-taxable purchasable product-type-variable\">\n\t<a href=\"https:\/\/dalyastudios.com\/vi\/san-pham\/woven-tension-skirt-2\/\" class=\"woocommerce-LoopProduct-link woocommerce-loop-product__link\"><img fetchpriority=\"high\" decoding=\"async\" width=\"2048\" height=\"2560\" src=\"https:\/\/dalyastudios.com\/wp-content\/uploads\/2025\/11\/Woven-Tension-Skirt-1173-1.jpg\" class=\"attachment-woocommerce_thumbnail size-woocommerce_thumbnail\" alt=\"Woven Tension Skirt\" srcset=\"https:\/\/dalyastudios.com\/wp-content\/uploads\/2025\/11\/Woven-Tension-Skirt-1173-1.jpg 2048w, https:\/\/dalyastudios.com\/wp-content\/uploads\/2025\/11\/Woven-Tension-Skirt-1173-1-240x300.jpg 240w, https:\/\/dalyastudios.com\/wp-content\/uploads\/2025\/11\/Woven-Tension-Skirt-1173-1-819x1024.jpg 819w, https:\/\/dalyastudios.com\/wp-content\/uploads\/2025\/11\/Woven-Tension-Skirt-1173-1-768x960.jpg 768w, https:\/\/dalyastudios.com\/wp-content\/uploads\/2025\/11\/Woven-Tension-Skirt-1173-1-1229x1536.jpg 1229w, https:\/\/dalyastudios.com\/wp-content\/uploads\/2025\/11\/Woven-Tension-Skirt-1173-1-1638x2048.jpg 1638w, https:\/\/dalyastudios.com\/wp-content\/uploads\/2025\/11\/Woven-Tension-Skirt-1173-1-1200x1500.jpg 1200w, https:\/\/dalyastudios.com\/wp-content\/uploads\/2025\/11\/Woven-Tension-Skirt-1173-1-64x80.jpg 64w\" sizes=\"(max-width: 2048px) 100vw, 2048px\" \/><h2 class=\"woocommerce-loop-product__title\">Woven Tension Skirt<\/h2>\n\t<span class=\"price\"><span class=\"wcpbc-price wcpbc-price-17950\" data-product-id=\"17950\"><span class=\"woocommerce-Price-amount amount\"><bdi>1,173,000&nbsp;<span class=\"woocommerce-Price-currencySymbol\">&#8363;<\/span><\/bdi><\/span><\/span><\/span>\n<span class=\"dalya-overlay-gallery-data\" data-product-id=\"17950\" data-images=\"[&quot;https:\\\/\\\/dalyastudios.com\\\/wp-content\\\/uploads\\\/2025\\\/11\\\/Woven-Tension-Skirt-1173-1.jpg&quot;,&quot;https:\\\/\\\/dalyastudios.com\\\/wp-content\\\/uploads\\\/2025\\\/11\\\/Woven-Tension-Skirt-1173-2.jpg&quot;,&quot;https:\\\/\\\/dalyastudios.com\\\/wp-content\\\/uploads\\\/2025\\\/11\\\/Woven-Tension-Skirt-1173-3.jpg&quot;]\" style=\"display:none !important;\"><\/span><\/a><a href=\"https:\/\/dalyastudios.com\/vi\/san-pham\/woven-tension-skirt-2\/\" aria-describedby=\"woocommerce_loop_add_to_cart_link_describedby_17950\" data-quantity=\"1\" class=\"button product_type_variable add_to_cart_button cfvsw_ajax_add_to_cart\" data-product_id=\"17950\" data-product_sku=\"\" aria-label=\"L\u1ef1a ch\u1ecdn cho \u201cWoven Tension Skirt\u201d\" rel=\"nofollow\" data-add_to_cart_text=\"Add to Cart\" data-select_options_text=\"L\u1ef1a ch\u1ecdn t\u00f9y ch\u1ecdn\" data-no-translation=\"\" data-trp-gettext=\"\" data-no-translation-aria-label=\"\" data-no-translation-data-select_options_text=\"\">L\u1ef1a ch\u1ecdn t\u00f9y ch\u1ecdn<\/a>\t<span id=\"woocommerce_loop_add_to_cart_link_describedby_17950\" class=\"screen-reader-text\">\n\t\tS\u1ea3n ph\u1ea9m n\u00e0y c\u00f3 nhi\u1ec1u bi\u1ebfn th\u1ec3. C\u00e1c t\u00f9y ch\u1ecdn c\u00f3 th\u1ec3 \u0111\u01b0\u1ee3c ch\u1ecdn tr\u00ean trang s\u1ea3n ph\u1ea9m\t<\/span>\n<\/li>\n<li class=\"product type-product post-17889 status-publish instock product_cat-feral-poise-25 product_cat-skirts has-post-thumbnail taxable shipping-taxable purchasable product-type-variable\">\n\t<a href=\"https:\/\/dalyastudios.com\/vi\/san-pham\/mistvale-skirt\/\" class=\"woocommerce-LoopProduct-link woocommerce-loop-product__link\"><img decoding=\"async\" width=\"2048\" height=\"2560\" src=\"https:\/\/dalyastudios.com\/wp-content\/uploads\/2025\/11\/Mistvale-Skirt-1275-4.jpg\" class=\"attachment-woocommerce_thumbnail size-woocommerce_thumbnail\" alt=\"Mistvale Skirt\" srcset=\"https:\/\/dalyastudios.com\/wp-content\/uploads\/2025\/11\/Mistvale-Skirt-1275-4.jpg 2048w, https:\/\/dalyastudios.com\/wp-content\/uploads\/2025\/11\/Mistvale-Skirt-1275-4-240x300.jpg 240w, https:\/\/dalyastudios.com\/wp-content\/uploads\/2025\/11\/Mistvale-Skirt-1275-4-819x1024.jpg 819w, https:\/\/dalyastudios.com\/wp-content\/uploads\/2025\/11\/Mistvale-Skirt-1275-4-768x960.jpg 768w, https:\/\/dalyastudios.com\/wp-content\/uploads\/2025\/11\/Mistvale-Skirt-1275-4-1229x1536.jpg 1229w, https:\/\/dalyastudios.com\/wp-content\/uploads\/2025\/11\/Mistvale-Skirt-1275-4-1638x2048.jpg 1638w, https:\/\/dalyastudios.com\/wp-content\/uploads\/2025\/11\/Mistvale-Skirt-1275-4-1200x1500.jpg 1200w, https:\/\/dalyastudios.com\/wp-content\/uploads\/2025\/11\/Mistvale-Skirt-1275-4-64x80.jpg 64w\" sizes=\"(max-width: 2048px) 100vw, 2048px\" \/><h2 class=\"woocommerce-loop-product__title\">Mistvale Skirt<\/h2>\n\t<span class=\"price\"><span class=\"wcpbc-price wcpbc-price-17889\" data-product-id=\"17889\"><span class=\"woocommerce-Price-amount amount\"><bdi>1,275,000&nbsp;<span class=\"woocommerce-Price-currencySymbol\">&#8363;<\/span><\/bdi><\/span><\/span><\/span>\n<span class=\"dalya-overlay-gallery-data\" data-product-id=\"17889\" data-images=\"[&quot;https:\\\/\\\/dalyastudios.com\\\/wp-content\\\/uploads\\\/2025\\\/11\\\/Mistvale-Skirt-1275-4.jpg&quot;,&quot;https:\\\/\\\/dalyastudios.com\\\/wp-content\\\/uploads\\\/2025\\\/11\\\/Mistvale-Skirt-1275-5.jpg&quot;,&quot;https:\\\/\\\/dalyastudios.com\\\/wp-content\\\/uploads\\\/2025\\\/11\\\/Mistvale-Skirt-1275-6.jpg&quot;,&quot;https:\\\/\\\/dalyastudios.com\\\/wp-content\\\/uploads\\\/2025\\\/11\\\/Mistvale-Skirt-1275-7.jpg&quot;,&quot;https:\\\/\\\/dalyastudios.com\\\/wp-content\\\/uploads\\\/2025\\\/11\\\/Mistvale-Skirt-1275-3.jpg&quot;,&quot;https:\\\/\\\/dalyastudios.com\\\/wp-content\\\/uploads\\\/2025\\\/11\\\/Mistvale-Skirt-1275-2.jpg&quot;,&quot;https:\\\/\\\/dalyastudios.com\\\/wp-content\\\/uploads\\\/2025\\\/11\\\/Mistvale-Skirt-1275-1.jpg&quot;]\" style=\"display:none !important;\"><\/span><\/a><a href=\"https:\/\/dalyastudios.com\/vi\/san-pham\/mistvale-skirt\/\" aria-describedby=\"woocommerce_loop_add_to_cart_link_describedby_17889\" data-quantity=\"1\" class=\"button product_type_variable add_to_cart_button cfvsw_ajax_add_to_cart\" data-product_id=\"17889\" data-product_sku=\"\" aria-label=\"L\u1ef1a ch\u1ecdn cho \u201cMistvale Skirt\u201d\" rel=\"nofollow\" data-add_to_cart_text=\"Add to Cart\" data-select_options_text=\"L\u1ef1a ch\u1ecdn t\u00f9y ch\u1ecdn\" data-no-translation=\"\" data-trp-gettext=\"\" data-no-translation-aria-label=\"\" data-no-translation-data-select_options_text=\"\">L\u1ef1a ch\u1ecdn t\u00f9y ch\u1ecdn<\/a>\t<span id=\"woocommerce_loop_add_to_cart_link_describedby_17889\" class=\"screen-reader-text\">\n\t\tS\u1ea3n ph\u1ea9m n\u00e0y c\u00f3 nhi\u1ec1u bi\u1ebfn th\u1ec3. C\u00e1c t\u00f9y ch\u1ecdn c\u00f3 th\u1ec3 \u0111\u01b0\u1ee3c ch\u1ecdn tr\u00ean trang s\u1ea3n ph\u1ea9m\t<\/span>\n<\/li>\n<li class=\"product type-product post-17871 status-publish instock product_cat-feral-poise-25 product_cat-skirts has-post-thumbnail taxable shipping-taxable purchasable product-type-variable\">\n\t<a href=\"https:\/\/dalyastudios.com\/vi\/san-pham\/lucid-bloom-skirt\/\" class=\"woocommerce-LoopProduct-link woocommerce-loop-product__link\"><img decoding=\"async\" width=\"2048\" height=\"2560\" src=\"https:\/\/dalyastudios.com\/wp-content\/uploads\/2025\/11\/Lucid-Bloom-Skirt-1377-1.jpg\" class=\"attachment-woocommerce_thumbnail size-woocommerce_thumbnail\" alt=\"Lucid Bloom Skirt\" srcset=\"https:\/\/dalyastudios.com\/wp-content\/uploads\/2025\/11\/Lucid-Bloom-Skirt-1377-1.jpg 2048w, https:\/\/dalyastudios.com\/wp-content\/uploads\/2025\/11\/Lucid-Bloom-Skirt-1377-1-240x300.jpg 240w, https:\/\/dalyastudios.com\/wp-content\/uploads\/2025\/11\/Lucid-Bloom-Skirt-1377-1-819x1024.jpg 819w, https:\/\/dalyastudios.com\/wp-content\/uploads\/2025\/11\/Lucid-Bloom-Skirt-1377-1-768x960.jpg 768w, https:\/\/dalyastudios.com\/wp-content\/uploads\/2025\/11\/Lucid-Bloom-Skirt-1377-1-1229x1536.jpg 1229w, https:\/\/dalyastudios.com\/wp-content\/uploads\/2025\/11\/Lucid-Bloom-Skirt-1377-1-1638x2048.jpg 1638w, https:\/\/dalyastudios.com\/wp-content\/uploads\/2025\/11\/Lucid-Bloom-Skirt-1377-1-1200x1500.jpg 1200w, https:\/\/dalyastudios.com\/wp-content\/uploads\/2025\/11\/Lucid-Bloom-Skirt-1377-1-64x80.jpg 64w\" sizes=\"(max-width: 2048px) 100vw, 2048px\" \/><h2 class=\"woocommerce-loop-product__title\">Lucid Bloom Skirt<\/h2>\n\t<span class=\"price\"><span class=\"wcpbc-price wcpbc-price-17871\" data-product-id=\"17871\"><span class=\"woocommerce-Price-amount amount\"><bdi>1,377,000&nbsp;<span class=\"woocommerce-Price-currencySymbol\">&#8363;<\/span><\/bdi><\/span><\/span><\/span>\n<span class=\"dalya-overlay-gallery-data\" data-product-id=\"17871\" data-images=\"[&quot;https:\\\/\\\/dalyastudios.com\\\/wp-content\\\/uploads\\\/2025\\\/11\\\/Lucid-Bloom-Skirt-1377-1.jpg&quot;,&quot;https:\\\/\\\/dalyastudios.com\\\/wp-content\\\/uploads\\\/2025\\\/11\\\/Lucid-Bloom-Skirt-1377-2.jpg&quot;,&quot;https:\\\/\\\/dalyastudios.com\\\/wp-content\\\/uploads\\\/2025\\\/11\\\/Lucid-Bloom-Skirt-1377-3.jpg&quot;,&quot;https:\\\/\\\/dalyastudios.com\\\/wp-content\\\/uploads\\\/2025\\\/11\\\/Lucid-Bloom-Skirt-1377-4.jpg&quot;,&quot;https:\\\/\\\/dalyastudios.com\\\/wp-content\\\/uploads\\\/2025\\\/11\\\/Lucid-Bloom-Skirt-1377-5.jpg&quot;,&quot;https:\\\/\\\/dalyastudios.com\\\/wp-content\\\/uploads\\\/2025\\\/11\\\/Lucid-Bloom-Skirt-1377-6.jpg&quot;]\" style=\"display:none !important;\"><\/span><\/a><a href=\"https:\/\/dalyastudios.com\/vi\/san-pham\/lucid-bloom-skirt\/\" aria-describedby=\"woocommerce_loop_add_to_cart_link_describedby_17871\" data-quantity=\"1\" class=\"button product_type_variable add_to_cart_button cfvsw_ajax_add_to_cart\" data-product_id=\"17871\" data-product_sku=\"\" aria-label=\"L\u1ef1a ch\u1ecdn cho \u201cLucid Bloom Skirt\u201d\" rel=\"nofollow\" data-add_to_cart_text=\"Add to Cart\" data-select_options_text=\"L\u1ef1a ch\u1ecdn t\u00f9y ch\u1ecdn\" data-no-translation=\"\" data-trp-gettext=\"\" data-no-translation-aria-label=\"\" data-no-translation-data-select_options_text=\"\">L\u1ef1a ch\u1ecdn t\u00f9y ch\u1ecdn<\/a>\t<span id=\"woocommerce_loop_add_to_cart_link_describedby_17871\" class=\"screen-reader-text\">\n\t\tS\u1ea3n ph\u1ea9m n\u00e0y c\u00f3 nhi\u1ec1u bi\u1ebfn th\u1ec3. C\u00e1c t\u00f9y ch\u1ecdn c\u00f3 th\u1ec3 \u0111\u01b0\u1ee3c ch\u1ecdn tr\u00ean trang s\u1ea3n ph\u1ea9m\t<\/span>\n<\/li>\n<li class=\"product type-product post-17863 status-publish last instock product_cat-skirts product_cat-submissive-bliss has-post-thumbnail taxable shipping-taxable purchasable product-type-variable\">\n\t<a href=\"https:\/\/dalyastudios.com\/vi\/san-pham\/woven-tension-skirt\/\" class=\"woocommerce-LoopProduct-link woocommerce-loop-product__link\"><img fetchpriority=\"high\" decoding=\"async\" width=\"2048\" height=\"2560\" src=\"https:\/\/dalyastudios.com\/wp-content\/uploads\/2025\/11\/Woven-Tension-Skirt-1173-1.jpg\" class=\"attachment-woocommerce_thumbnail size-woocommerce_thumbnail\" alt=\"Woven Tension Skirt\" srcset=\"https:\/\/dalyastudios.com\/wp-content\/uploads\/2025\/11\/Woven-Tension-Skirt-1173-1.jpg 2048w, https:\/\/dalyastudios.com\/wp-content\/uploads\/2025\/11\/Woven-Tension-Skirt-1173-1-240x300.jpg 240w, https:\/\/dalyastudios.com\/wp-content\/uploads\/2025\/11\/Woven-Tension-Skirt-1173-1-819x1024.jpg 819w, https:\/\/dalyastudios.com\/wp-content\/uploads\/2025\/11\/Woven-Tension-Skirt-1173-1-768x960.jpg 768w, https:\/\/dalyastudios.com\/wp-content\/uploads\/2025\/11\/Woven-Tension-Skirt-1173-1-1229x1536.jpg 1229w, https:\/\/dalyastudios.com\/wp-content\/uploads\/2025\/11\/Woven-Tension-Skirt-1173-1-1638x2048.jpg 1638w, https:\/\/dalyastudios.com\/wp-content\/uploads\/2025\/11\/Woven-Tension-Skirt-1173-1-1200x1500.jpg 1200w, https:\/\/dalyastudios.com\/wp-content\/uploads\/2025\/11\/Woven-Tension-Skirt-1173-1-64x80.jpg 64w\" sizes=\"(max-width: 2048px) 100vw, 2048px\" \/><h2 class=\"woocommerce-loop-product__title\">Woven Tension Skirt<\/h2>\n\t<span class=\"price\"><span class=\"wcpbc-price wcpbc-price-17863\" data-product-id=\"17863\"><span class=\"woocommerce-Price-amount amount\"><bdi>1,173,000&nbsp;<span class=\"woocommerce-Price-currencySymbol\">&#8363;<\/span><\/bdi><\/span><\/span><\/span>\n<span class=\"dalya-overlay-gallery-data\" data-product-id=\"17863\" data-images=\"[&quot;https:\\\/\\\/dalyastudios.com\\\/wp-content\\\/uploads\\\/2025\\\/11\\\/Woven-Tension-Skirt-1173-1.jpg&quot;,&quot;https:\\\/\\\/dalyastudios.com\\\/wp-content\\\/uploads\\\/2025\\\/11\\\/Woven-Tension-Skirt-1173-2.jpg&quot;,&quot;https:\\\/\\\/dalyastudios.com\\\/wp-content\\\/uploads\\\/2025\\\/11\\\/Woven-Tension-Skirt-1173-3.jpg&quot;]\" style=\"display:none !important;\"><\/span><\/a><a href=\"https:\/\/dalyastudios.com\/vi\/san-pham\/woven-tension-skirt\/\" aria-describedby=\"woocommerce_loop_add_to_cart_link_describedby_17863\" data-quantity=\"1\" class=\"button product_type_variable add_to_cart_button cfvsw_ajax_add_to_cart\" data-product_id=\"17863\" data-product_sku=\"\" aria-label=\"L\u1ef1a ch\u1ecdn cho \u201cWoven Tension Skirt\u201d\" rel=\"nofollow\" data-add_to_cart_text=\"Add to Cart\" data-select_options_text=\"L\u1ef1a ch\u1ecdn t\u00f9y ch\u1ecdn\" data-no-translation=\"\" data-trp-gettext=\"\" data-no-translation-aria-label=\"\" data-no-translation-data-select_options_text=\"\">L\u1ef1a ch\u1ecdn t\u00f9y ch\u1ecdn<\/a>\t<span id=\"woocommerce_loop_add_to_cart_link_describedby_17863\" class=\"screen-reader-text\">\n\t\tS\u1ea3n ph\u1ea9m n\u00e0y c\u00f3 nhi\u1ec1u bi\u1ebfn th\u1ec3. C\u00e1c t\u00f9y ch\u1ecdn c\u00f3 th\u1ec3 \u0111\u01b0\u1ee3c ch\u1ecdn tr\u00ean trang s\u1ea3n ph\u1ea9m\t<\/span>\n<\/li>\n<\/ul>\n<\/div>\n<\/div>\n\t\t\t\t\t\t<\/div>\n\t\t\t\t<\/div>\n\t\t\t\t<\/div>\n\t\t\t\t<\/div>","protected":false},"excerpt":{"rendered":"","protected":false},"author":1,"featured_media":0,"parent":0,"menu_order":0,"comment_status":"closed","ping_status":"closed","template":"elementor_canvas","meta":{"footnotes":""},"class_list":["post-6075","page","type-page","status-publish","hentry"],"_links":{"self":[{"href":"https:\/\/dalyastudios.com\/vi\/wp-json\/wp\/v2\/pages\/6075","targetHints":{"allow":["GET"]}}],"collection":[{"href":"https:\/\/dalyastudios.com\/vi\/wp-json\/wp\/v2\/pages"}],"about":[{"href":"https:\/\/dalyastudios.com\/vi\/wp-json\/wp\/v2\/types\/page"}],"author":[{"embeddable":true,"href":"https:\/\/dalyastudios.com\/vi\/wp-json\/wp\/v2\/users\/1"}],"replies":[{"embeddable":true,"href":"https:\/\/dalyastudios.com\/vi\/wp-json\/wp\/v2\/comments?post=6075"}],"version-history":[{"count":53,"href":"https:\/\/dalyastudios.com\/vi\/wp-json\/wp\/v2\/pages\/6075\/revisions"}],"predecessor-version":[{"id":19699,"href":"https:\/\/dalyastudios.com\/vi\/wp-json\/wp\/v2\/pages\/6075\/revisions\/19699"}],"wp:attachment":[{"href":"https:\/\/dalyastudios.com\/vi\/wp-json\/wp\/v2\/media?parent=6075"}],"curies":[{"name":"wp","href":"https:\/\/api.w.org\/{rel}","templated":true}]}}